{"id":547,"date":"2017-12-19T13:31:16","date_gmt":"2017-12-19T12:31:16","guid":{"rendered":"http:\/\/sbkschool.pl\/faq\/"},"modified":"2025-05-13T16:40:44","modified_gmt":"2025-05-13T14:40:44","slug":"faq","status":"publish","type":"page","link":"https:\/\/superbikeschool.pl\/en\/faq\/","title":{"rendered":"FAQ"},"content":{"rendered":"<p>Prosimy, aby\u015b przyby\u0142a\/przyby\u0142 na miejsce nie p\u00f3\u017aniej ni\u017c o godzinie 7.00. Umo\u017cliwi to nam sprawne przeprowadzenie rejestracji na torze. Po przyje\u017adzie na tor si\u0119 w kierunku depo. Rejestracj\u0119 przeprowadzamy w biurze zawod\u00f3w.<\/p>\n<h3>Reklamacje<\/h3>\n<p>Wszystkie reklamacje oraz kwestie sporne zostan\u0105 rozpatrywane do 30 dni roboczych pod adresem: info@sbkschool.pl<\/p>\n<h3>Prawa jazdy i licencje<\/h3>\n<p>Aby rejestracja przebieg\u0142a szybko i sprawnie bardzo prosimy o przygotowanie prawa jazdy lub licencji wy\u015bcigowej.<\/p>\n<h3>Inspekcja motocykla<\/h3>\n<p>W trakcie rejestracji otrzymasz od nas numer identyfikacyjny. Poprosimy Ci\u0119 o naklejenie go na Tw\u00f3j motocykl w wyznaczonym miejscu. Sprawdzimy wizualnie Tw\u00f3j motocykl, poprosimy Ci\u0119 tak\u017ce o zaklejenie ta\u015bm\u0105 pr\u0119dko\u015bciomierza oraz lusterek. Korek wlewu oleju powinien by\u0107 porz\u0105dnie dokr\u0119cony, \u0142a\u0144cuch w\u0142a\u015bciwie naci\u0105gni\u0119ty, obie opony musz\u0105 by\u0107 w dobrym stanie, w motocyklu nie mo\u017ce by\u0107 \u017cadnych poluzowanych element\u00f3w nadwozia, niedopuszczalne s\u0105 tak\u017ce wycieki p\u0142yn\u00f3w eksploatacyjnych. Je\u015bli Tw\u00f3j motocykl b\u0119dzie stanowi\u0142 zagro\u017cenie dla Twojego bezpiecze\u0144stwa lub dla bezpiecze\u0144stwa innych uczestnik\u00f3w kursu, nie b\u0119dziesz m\u00f3g\u0142 wzi\u0105\u0107 na nim udzia\u0142u w zaj\u0119ciach, nie dokonamy tak\u017ce zwrotu wp\u0142aconych przez Ciebie pieni\u0119dzy.<\/p>\n<h3>Ubi\u00f3r ochronny i bezpiecze\u0144stwo<\/h3>\n<p>Ka\u017cdy kask u\u017cywany w trakcie zaj\u0119\u0107 musi posiada\u0107 europejski certyfikat bezpiecze\u0144stwa (norma EC 22-05). Wymagamy kasku typu full-face zakrywaj\u0105cego ca\u0142\u0105 twarz. Kask podczas jazdy musi by\u0107 w\u0142a\u015bciwie zapi\u0119ty.<br \/>\nDo jazdy po torze polecamy kombinezon sk\u00f3rzany w dobrym stanie technicznym jedno-, lub dwucz\u0119\u015bciowy (spodnie z kurtk\u0105 musz\u0105 by\u0107 spi\u0119te). Je\u015bli nie dysponujesz odzie\u017c\u0105 sk\u00f3rzan\u0105, mo\u017cesz wykorzysta\u0107 odzie\u017c tekstyln\u0105 o ile jest to dedykowana odzie\u017c motocyklowa, wykonana z materia\u0142\u00f3w trudno\u015bcieralnych i wyposa\u017cona w pe\u0142ny zestaw certyfikowanych ochraniaczy. Mimo to rekomendujemy skorzystanie z odzie\u017cy sk\u00f3rzanej. <strong>Wykluczona jest jazda w jeansach, nawet je\u015bli s\u0105 to jeansy motocyklowe! <\/strong>Zalecamy tak\u017ce zastosowanie \u015brodk\u00f3w dodatkowej ochrony, takich jak ochraniacz kr\u0119gos\u0142upa oraz ochraniacz klatki piersiowej. Buty motocyklowe s\u0105 obligatoryjne dla wszystkich uczestnik\u00f3w szkolenia (wykluczone s\u0105 buty wojskowe, trekkingowe i typu \u201eglany\u201d). Akceptujemy wy\u0142\u0105cznie r\u0119kawice motocyklowe, kt\u00f3re zakrywaj\u0105 nadgarstek.<br \/>\n\u017baden z uczestnik\u00f3w szkolenia nie mo\u017ce by\u0107 w trakcie zaj\u0119\u0107 pod wp\u0142ywem alkoholu ani jakichkolwiek \u015brodk\u00f3w odurzaj\u0105cych. Zastrzegamy sobie prawo do przeprowadzenia stosownych test\u00f3w. W przypadku pozytywnego testu na obecno\u015b\u0107 alkoholu (lub podobnie dzia\u0142aj\u0105cego \u015brodka) w organizmie nie zostaniesz dopuszczona\/dopuszczony do udzia\u0142u w zaj\u0119ciach.<br \/>\nJe\u015bli przyjmujesz leki, upewnij si\u0119 przed jazd\u0105, \u017ce nie b\u0119d\u0105 one wp\u0142ywa\u0142y na Twoj\u0105 zdolno\u015b\u0107 panowania nad motocyklem.<br \/>\nMonta\u017c kamer na motocyklu jest dozwolony po uprzedniej konsultacji z szefem toru. Ze wzgl\u0119d\u00f3w bezpiecze\u0144stwa zabronione jest mocowanie kamer na ubiorze i kasku motocyklisty.<\/p>\n<h3>Serwis na terenie toru<\/h3>\n<p>Upewnij si\u0119 przed zaj\u0119ciami, \u017ce zatankowa\u0142e\u015b motocykl do pe\u0142na. Jeden bak powinien wystarczy\u0107 na ca\u0142y dzie\u0144 zaj\u0119\u0107. Je\u015bli Tw\u00f3j motocykl ma wyj\u0105tkowo ma\u0142y zbiornik paliwa, lub zu\u017cywa wyj\u0105tkowo du\u017co benzyny mo\u017cesz w czasie przerwy obiadowej dotankowa\u0107 pojazd na stacji benzynowej na terenie toru lub w jego pobli\u017cu.<br \/>\nWoda, owoce oraz zimne przek\u0105ski b\u0119d\u0105 dost\u0119pne ca\u0142y czas dla uczestnik\u00f3w szkolenia. W trakcie imprezy czynny b\u0119dzie bufet, gdzie b\u0119dziesz m\u00f3g\u0142 naby\u0107 smaczny i niedrogi posi\u0142ek.<br \/>\nNa terenie toru dzia\u0142a\u0142 b\u0119dzie serwis oponiarski. Je\u015bli zajdzie potrzeba wymiany ogumienia, mo\u017cesz zrobi\u0107 to na miejscu i od r\u0119ki.<\/p>\n<h3>Widzowie oraz go\u015bcie<\/h3>\n<p>Twoja rodzina oraz przyjaciele s\u0105 jak najmilej widziani na terenie toru w czasie zaj\u0119\u0107. Prosimy jedynie, aby nie przebywali w klasie w czasie wyk\u0142ad\u00f3w oraz, aby stosowali si\u0119 do zalece\u0144 obs\u0142ugi toru.<br \/>\nProsimy, aby dzieci w wielu poni\u017cej 16 roku \u017cycia nie przebywa\u0142y w pit lane. Zabieranie ma\u0142ych dzieci na tor wy\u015bcigowy nie wydaje si\u0119 by\u0107 najlepszym pomys\u0142em.<\/p>\n<h3>Warunki rezygnacji z wykupionego kursu<\/h3>\n<p>Je\u015bli z jakiegokolwiek powodu nie b\u0119dziesz w stanie wzi\u0105\u0107 udzia\u0142u w szkoleniu w wykupionym terminie polityka zwrot\u00f3w wygl\u0105da nast\u0119puj\u0105co:<br \/>\n\u2013 wycofanie uczestnictwa na 42 dni i wi\u0119cej przed imprez\u0105 \u2013 pe\u0142ny zwrot wp\u0142aconych pieni\u0119dzy<br \/>\n\u2013 wycofanie uczestnictwa kr\u00f3cej ni\u017c na 42 dni przed imprez\u0105 i d\u0142u\u017cej ni\u017c na 28 \u2013 zwrot pieni\u0119dzy minus depozyt (400z\u0142 w przypadku jednodniowego szkolenia, 1200z\u0142 w przypadku dwudniowego szkolenia).<br \/>\n\u2013 wycofanie uczestnictwa na kr\u00f3cej ni\u017c 28 dni przed imprez\u0105 \u2013 bez zwrotu.<br \/>\nProsimy mie\u0107 na uwadze, \u017ce zaj\u0119cia odbywaj\u0105 si\u0119 tak\u017ce wtedy, kiedy pada deszcz. To \u015bwietna okazja, aby poprawi\u0107 swoje umiej\u0119tno\u015bci jazdy po mokrej nawierzchni. Mokra pogoda nie jest powodem do odwo\u0142ania lub przek\u0142adania zaj\u0119\u0107, nie s\u0105 nimi tak\u017ce zg\u0142aszane w ostatniej chwili wa\u017cne powody zawodowe oraz rodzinne.<\/p>\n<h3>Ograniczenie ha\u0142asu<\/h3>\n<p>Dopuszczalny poziom emitowanego ha\u0142asu przez Tw\u00f3j motocykl nie mo\u017ce przekracza\u0107 w zale\u017cno\u015bci obiektu gdzie prowadzimy zaj\u0119cia od 96 (Tor Pozna\u0144) do 105dB (Slovakiaring, Bikiernieki).<br \/>\nJe\u015bli Tw\u00f3j motocykl b\u0119dzie przekracza\u0142 limit g\u0142o\u015bno\u015bci \u2013 nie b\u0119dziesz m\u00f3g\u0142 wzi\u0105\u0107 udzia\u0142u w szkoleniu, bez zwrotu op\u0142aty i bez mo\u017cliwo\u015bci zmiany terminu szkolenia.<\/p>\n<h3 style=\"text-align: center;\">Czekamy na Ciebie!<\/h3>\n<p style=\"text-align: center;\"><strong>Czekamy na Ciebie z niecierpliwo\u015bci\u0105 w dniu szkolenia. Du\u017co wi\u0119cej na temat szkole\u0144 mo\u017cesz dowiedzie\u0107 si\u0119 na stronie www.sbkschool.pl, szczeg\u00f3lnie w FAQ. W razie pyta\u0144 i w\u0105tpliwo\u015bci jeste\u015bmy do Twojej dyspozycji pod numerem telefonu:<\/strong><br \/>\n<strong>+48 509-155-792 oraz e-mailem: info@sbkschool.pl.<\/strong><\/p>\n","protected":false},"excerpt":{"rendered":"<p>Prosimy, aby\u015b przyby\u0142a\/przyby\u0142 na miejsce nie p\u00f3\u017aniej ni\u017c o godzinie 7.00. Umo\u017cliwi to nam sprawne przeprowadzenie rejestracji na torze. Po przyje\u017adzie na tor si\u0119 w kierunku depo. Rejestracj\u0119 przeprowadzamy w biurze zawod\u00f3w. Reklamacje Wszystkie reklamacje oraz kwestie sporne zostan\u0105 rozpatrywane do 30 dni roboczych pod adresem: info@sbkschool.pl Prawa jazdy i licencje Aby rejestracja przebieg\u0142a szybko [&hellip;]<\/p>\n","protected":false},"author":1,"featured_media":0,"parent":0,"menu_order":0,"comment_status":"closed","ping_status":"closed","template":"template-layouts\/faq.php","meta":{"_acf_changed":false,"footnotes":""},"class_list":["post-547","page","type-page","status-publish","hentry"],"acf":[],"yoast_head":"<!-- This site is optimized with the Yoast SEO plugin v27.4 - https:\/\/yoast.com\/product\/yoast-seo-wordpress\/ -->\n<title>FAQ - California Superbike School<\/title>\n<meta name=\"robots\" content=\"index, follow, max-snippet:-1, max-image-preview:large, max-video-preview:-1\" \/>\n<link rel=\"canonical\" href=\"https:\/\/superbikeschool.pl\/en\/faq\/\" \/>\n<meta property=\"og:locale\" content=\"en_US\" \/>\n<meta property=\"og:type\" content=\"article\" \/>\n<meta property=\"og:title\" content=\"FAQ - California Superbike School\" \/>\n<meta property=\"og:description\" content=\"Prosimy, aby\u015b przyby\u0142a\/przyby\u0142 na miejsce nie p\u00f3\u017aniej ni\u017c o godzinie 7.00. Umo\u017cliwi to nam sprawne przeprowadzenie rejestracji na torze. Po przyje\u017adzie na tor si\u0119 w kierunku depo. Rejestracj\u0119 przeprowadzamy w biurze zawod\u00f3w. Reklamacje Wszystkie reklamacje oraz kwestie sporne zostan\u0105 rozpatrywane do 30 dni roboczych pod adresem: info@sbkschool.pl Prawa jazdy i licencje Aby rejestracja przebieg\u0142a szybko [&hellip;]\" \/>\n<meta property=\"og:url\" content=\"https:\/\/superbikeschool.pl\/en\/faq\/\" \/>\n<meta property=\"og:site_name\" content=\"California Superbike School\" \/>\n<meta property=\"article:modified_time\" content=\"2025-05-13T14:40:44+00:00\" \/>\n<meta name=\"twitter:card\" content=\"summary_large_image\" \/>\n<meta name=\"twitter:label1\" content=\"Est. reading time\" \/>\n\t<meta name=\"twitter:data1\" content=\"5 minutes\" \/>\n<script type=\"application\/ld+json\" class=\"yoast-schema-graph\">{\"@context\":\"https:\\\/\\\/schema.org\",\"@graph\":[{\"@type\":\"WebPage\",\"@id\":\"https:\\\/\\\/superbikeschool.pl\\\/en\\\/faq\\\/\",\"url\":\"https:\\\/\\\/superbikeschool.pl\\\/en\\\/faq\\\/\",\"name\":\"FAQ - California Superbike School\",\"isPartOf\":{\"@id\":\"https:\\\/\\\/superbikeschool.pl\\\/en\\\/#website\"},\"datePublished\":\"2017-12-19T12:31:16+00:00\",\"dateModified\":\"2025-05-13T14:40:44+00:00\",\"breadcrumb\":{\"@id\":\"https:\\\/\\\/superbikeschool.pl\\\/en\\\/faq\\\/#breadcrumb\"},\"inLanguage\":\"en-US\",\"potentialAction\":[{\"@type\":\"ReadAction\",\"target\":[\"https:\\\/\\\/superbikeschool.pl\\\/en\\\/faq\\\/\"]}]},{\"@type\":\"BreadcrumbList\",\"@id\":\"https:\\\/\\\/superbikeschool.pl\\\/en\\\/faq\\\/#breadcrumb\",\"itemListElement\":[{\"@type\":\"ListItem\",\"position\":1,\"name\":\"Strona g\u0142\u00f3wna\",\"item\":\"https:\\\/\\\/superbikeschool.pl\\\/en\\\/\"},{\"@type\":\"ListItem\",\"position\":2,\"name\":\"FAQ\"}]},{\"@type\":\"WebSite\",\"@id\":\"https:\\\/\\\/superbikeschool.pl\\\/en\\\/#website\",\"url\":\"https:\\\/\\\/superbikeschool.pl\\\/en\\\/\",\"name\":\"California Superbike School\",\"description\":\"Szko\u0142a motocyklowa numer 1 na \u015bwiecie!\",\"publisher\":{\"@id\":\"https:\\\/\\\/superbikeschool.pl\\\/en\\\/#organization\"},\"potentialAction\":[{\"@type\":\"SearchAction\",\"target\":{\"@type\":\"EntryPoint\",\"urlTemplate\":\"https:\\\/\\\/superbikeschool.pl\\\/en\\\/?s={search_term_string}\"},\"query-input\":{\"@type\":\"PropertyValueSpecification\",\"valueRequired\":true,\"valueName\":\"search_term_string\"}}],\"inLanguage\":\"en-US\"},{\"@type\":\"Organization\",\"@id\":\"https:\\\/\\\/superbikeschool.pl\\\/en\\\/#organization\",\"name\":\"California Superbike School\",\"url\":\"https:\\\/\\\/superbikeschool.pl\\\/en\\\/\",\"logo\":{\"@type\":\"ImageObject\",\"inLanguage\":\"en-US\",\"@id\":\"https:\\\/\\\/superbikeschool.pl\\\/en\\\/#\\\/schema\\\/logo\\\/image\\\/\",\"url\":\"https:\\\/\\\/superbikeschool.pl\\\/wp-content\\\/uploads\\\/2019\\\/02\\\/DSC7654.jpg\",\"contentUrl\":\"https:\\\/\\\/superbikeschool.pl\\\/wp-content\\\/uploads\\\/2019\\\/02\\\/DSC7654.jpg\",\"width\":2464,\"height\":1632,\"caption\":\"California Superbike School\"},\"image\":{\"@id\":\"https:\\\/\\\/superbikeschool.pl\\\/en\\\/#\\\/schema\\\/logo\\\/image\\\/\"}}]}<\/script>\n<!-- \/ Yoast SEO plugin. -->","yoast_head_json":{"title":"FAQ - California Superbike School","robots":{"index":"index","follow":"follow","max-snippet":"max-snippet:-1","max-image-preview":"max-image-preview:large","max-video-preview":"max-video-preview:-1"},"canonical":"https:\/\/superbikeschool.pl\/en\/faq\/","og_locale":"en_US","og_type":"article","og_title":"FAQ - California Superbike School","og_description":"Prosimy, aby\u015b przyby\u0142a\/przyby\u0142 na miejsce nie p\u00f3\u017aniej ni\u017c o godzinie 7.00. Umo\u017cliwi to nam sprawne przeprowadzenie rejestracji na torze. Po przyje\u017adzie na tor si\u0119 w kierunku depo. Rejestracj\u0119 przeprowadzamy w biurze zawod\u00f3w. Reklamacje Wszystkie reklamacje oraz kwestie sporne zostan\u0105 rozpatrywane do 30 dni roboczych pod adresem: info@sbkschool.pl Prawa jazdy i licencje Aby rejestracja przebieg\u0142a szybko [&hellip;]","og_url":"https:\/\/superbikeschool.pl\/en\/faq\/","og_site_name":"California Superbike School","article_modified_time":"2025-05-13T14:40:44+00:00","twitter_card":"summary_large_image","twitter_misc":{"Est. reading time":"5 minutes"},"schema":{"@context":"https:\/\/schema.org","@graph":[{"@type":"WebPage","@id":"https:\/\/superbikeschool.pl\/en\/faq\/","url":"https:\/\/superbikeschool.pl\/en\/faq\/","name":"FAQ - California Superbike School","isPartOf":{"@id":"https:\/\/superbikeschool.pl\/en\/#website"},"datePublished":"2017-12-19T12:31:16+00:00","dateModified":"2025-05-13T14:40:44+00:00","breadcrumb":{"@id":"https:\/\/superbikeschool.pl\/en\/faq\/#breadcrumb"},"inLanguage":"en-US","potentialAction":[{"@type":"ReadAction","target":["https:\/\/superbikeschool.pl\/en\/faq\/"]}]},{"@type":"BreadcrumbList","@id":"https:\/\/superbikeschool.pl\/en\/faq\/#breadcrumb","itemListElement":[{"@type":"ListItem","position":1,"name":"Strona g\u0142\u00f3wna","item":"https:\/\/superbikeschool.pl\/en\/"},{"@type":"ListItem","position":2,"name":"FAQ"}]},{"@type":"WebSite","@id":"https:\/\/superbikeschool.pl\/en\/#website","url":"https:\/\/superbikeschool.pl\/en\/","name":"California Superbike School","description":"Szko\u0142a motocyklowa numer 1 na \u015bwiecie!","publisher":{"@id":"https:\/\/superbikeschool.pl\/en\/#organization"},"potentialAction":[{"@type":"SearchAction","target":{"@type":"EntryPoint","urlTemplate":"https:\/\/superbikeschool.pl\/en\/?s={search_term_string}"},"query-input":{"@type":"PropertyValueSpecification","valueRequired":true,"valueName":"search_term_string"}}],"inLanguage":"en-US"},{"@type":"Organization","@id":"https:\/\/superbikeschool.pl\/en\/#organization","name":"California Superbike School","url":"https:\/\/superbikeschool.pl\/en\/","logo":{"@type":"ImageObject","inLanguage":"en-US","@id":"https:\/\/superbikeschool.pl\/en\/#\/schema\/logo\/image\/","url":"https:\/\/superbikeschool.pl\/wp-content\/uploads\/2019\/02\/DSC7654.jpg","contentUrl":"https:\/\/superbikeschool.pl\/wp-content\/uploads\/2019\/02\/DSC7654.jpg","width":2464,"height":1632,"caption":"California Superbike School"},"image":{"@id":"https:\/\/superbikeschool.pl\/en\/#\/schema\/logo\/image\/"}}]}},"_links":{"self":[{"href":"https:\/\/superbikeschool.pl\/en\/wp-json\/wp\/v2\/pages\/547","targetHints":{"allow":["GET"]}}],"collection":[{"href":"https:\/\/superbikeschool.pl\/en\/wp-json\/wp\/v2\/pages"}],"about":[{"href":"https:\/\/superbikeschool.pl\/en\/wp-json\/wp\/v2\/types\/page"}],"author":[{"embeddable":true,"href":"https:\/\/superbikeschool.pl\/en\/wp-json\/wp\/v2\/users\/1"}],"replies":[{"embeddable":true,"href":"https:\/\/superbikeschool.pl\/en\/wp-json\/wp\/v2\/comments?post=547"}],"version-history":[{"count":0,"href":"https:\/\/superbikeschool.pl\/en\/wp-json\/wp\/v2\/pages\/547\/revisions"}],"wp:attachment":[{"href":"https:\/\/superbikeschool.pl\/en\/wp-json\/wp\/v2\/media?parent=547"}],"curies":[{"name":"wp","href":"https:\/\/api.w.org\/{rel}","templated":true}]}}