{"id":578,"date":"2018-01-16T12:32:16","date_gmt":"2018-01-16T11:32:16","guid":{"rendered":"http:\/\/sbkschool.pl\/regulamin\/"},"modified":"2018-03-13T09:16:59","modified_gmt":"2018-03-13T08:16:59","slug":"terms-and-conditions","status":"publish","type":"page","link":"https:\/\/superbikeschool.pl\/en\/terms-and-conditions\/","title":{"rendered":"Terms and conditions"},"content":{"rendered":"<h2 class=\"littleHeader littleHeader--center littleHeader--black paddingBottom\">Prosimy, zapoznaj si\u0119 z poni\u017cszymi informacjami, aby Tw\u00f3j dzie\u0144 w szkole przebieg\u0142<br \/>\nprzyjemnie, a nade wszystko produktywnie!<\/h2>\n<p>Prosimy, aby\u015b przyby\u0142a\/przyby\u0142 na miejsce imprezy nie p\u00f3\u017aniej ni\u017c o godzinie 7.00. Umo\u017cliwi to nam sprawne<br \/>\nprzeprowadzenie rejestracji na torze. Po przyje\u017adzie na tor si\u0119 w kierunku depo. Rejestracj\u0119 przeprowadzamy w biurze<br \/>\nzawod\u00f3w.<\/p>\n<p><strong>W\u0142a\u015bciciel serwisu<\/strong><br \/>\nW\u0142a\u015bcicielem serwisu jest firma MotorProgress Sp\u00f3\u0142ka z Ograniczon\u0105 Odpowiedzialno\u015bci\u0105 Sp\u00f3\u0142ka Komandytowa, ul. Nowogrodzka 50\/515, 00-695 Warszawa, NIP: 7010478669.<\/p>\n<p><strong>Prawa jazdy i licencje<\/strong><br \/>\nAby rejestracja przebieg\u0142a szybko i sprawnie bardzo prosimy o przygotowanie prawa jazdy lub licencji wy\u015bcigowej.<\/p>\n<p><strong>Inspekcja motocykla<\/strong><br \/>\nW trakcie rejestracji otrzymasz od nas numer identyfikacyjny. Poprosimy Ci\u0119 o naklejenie go na Tw\u00f3j motocykl w<br \/>\nwyznaczonym miejscu. Sprawdzimy wizualnie Tw\u00f3j motocykl, poprosimy Ci\u0119 tak\u017ce o zaklejenie ta\u015bm\u0105 pr\u0119dko\u015bciomierza<br \/>\noraz lusterek. Korek wlewu oleju powinien by\u0107 porz\u0105dnie dokr\u0119cony, \u0142a\u0144cuch w\u0142a\u015bciwie naci\u0105gni\u0119ty, obie opony musz\u0105 by\u0107 w<br \/>\ndobrym stanie, w motocyklu nie mo\u017ce by\u0107 \u017cadnych poluzowanych element\u00f3w nadwozia, niedopuszczalne s\u0105 tak\u017ce wycieki<br \/>\np\u0142yn\u00f3w eksploatacyjnych. Je\u015bli Tw\u00f3j motocykl b\u0119dzie stanowi\u0142 zagro\u017cenie dla Twojego bezpiecze\u0144stwa lub dla<br \/>\nbezpiecze\u0144stwa innych uczestnik\u00f3w imprezy, nie b\u0119dziesz m\u00f3g\u0142 wzi\u0105\u0107 na nim udzia\u0142u w zaj\u0119ciach, nie dokonamy tak\u017ce<br \/>\nzwrotu wp\u0142aconych przez Ciebie pieni\u0119dzy.<\/p>\n<p><strong>Ubi\u00f3r ochronny i bezpiecze\u0144stwo<\/strong><\/p>\n<ul class=\"redSlashList\">\n<li>Ka\u017cdy kask u\u017cywany w trakcie zaj\u0119\u0107 musi posiada\u0107 europejski certyfikat bezpiecze\u0144stwa (norma EC 22-05). <strong>Wymagamy kasku typu full-face zakrywaj\u0105cego ca\u0142\u0105 twarz<\/strong>. Kask podczas jazdy musi by\u0107 w\u0142a\u015bciwie zapi\u0119ty.<\/li>\n<li>Do jazdy po torze polecamy kombinezon sk\u00f3rzany w dobrym stanie technicznym jedno-, lub dwucz\u0119\u015bciowy (spodnie z kurtk\u0105 musz\u0105 by\u0107 spi\u0119te). Je\u015bli nie dysponujesz odzie\u017c\u0105 sk\u00f3rzan\u0105, mo\u017cesz wykorzysta\u0107 odzie\u017c tekstyln\u0105 o ile jest to<br \/>\ndedykowana odzie\u017c motocyklowa, wykonana z materia\u0142\u00f3w trudno\u015bcieralnych i wyposa\u017cona w pe\u0142ny zestaw<br \/>\ncertyfikowanych ochraniaczy. Mimo to rekomendujemy skorzystanie z odzie\u017cy sk\u00f3rzanej. Zalecamy tak\u017ce zastosowanie<br \/>\n\u015brodk\u00f3w dodatkowej ochrony, takich jak ochraniacz kr\u0119gos\u0142upa oraz ochraniacz klatki piersiowej. Buty motocyklowe s\u0105<br \/>\nobligatoryjne dla wszystkich uczestnik\u00f3w szkolenia (wykluczone s\u0105 buty wojskowe, trekkingowe i typu \u201eglany\u201d).<br \/>\nAkceptujemy wy\u0142\u0105cznie r\u0119kawice motocyklowe, kt\u00f3re zakrywaj\u0105 nadgarstek.<\/li>\n<li>\u017baden z uczestnik\u00f3w szkolenia nie mo\u017ce by\u0107 w trakcie zaj\u0119\u0107 pod wp\u0142ywem alkoholu ani jakichkolwiek \u015brodk\u00f3w<br \/>\nodurzaj\u0105cych. Zastrzegamy sobie prawo do przeprowadzenia stosownych test\u00f3w. W przypadku pozytywnego testu na<br \/>\nobecno\u015b\u0107 alkoholu (lub podobnie dzia\u0142aj\u0105cego \u015brodka) w organizmie nie zostaniesz dopuszczona\/dopuszczony do<br \/>\nudzia\u0142u w zaj\u0119ciach.<\/li>\n<li>Je\u015bli przyjmujesz leki, upewnij si\u0119 przed jazd\u0105, \u017ce nie b\u0119d\u0105 one wp\u0142ywa\u0142y na Twoj\u0105 zdolno\u015b\u0107 panowania nad<br \/>\nmotocyklem.<\/li>\n<li>Monta\u017c kamer na motocyklu jest dozwolony po uprzedniej konsultacji z szefem toru. Ze wzgl\u0119d\u00f3w bezpiecze\u0144stwa<br \/>\nzabronione jest mocowanie kamer na ubiorze i kasku motocyklisty.<\/li>\n<\/ul>\n<p><strong>Serwis na terenie toru<\/strong><\/p>\n<ul class=\"redSlashList\">\n<li>Upewnij si\u0119 przed zaj\u0119ciami, \u017ce zatankowa\u0142e\u015b motocykl do pe\u0142na. Jeden bak powinien wystarczy\u0107 na ca\u0142y dzie\u0144 zaj\u0119\u0107.<br \/>\nJe\u015bli Tw\u00f3j motocykl ma wyj\u0105tkowo ma\u0142y zbiornik paliwa, lub zu\u017cywa wyj\u0105tkowo du\u017co benzyny mo\u017cesz w czasie przerwy<br \/>\nobiadowej dotankowa\u0107 pojazd na stacji benzynowej na terenie toru lub w jego pobli\u017cu.<\/li>\n<li>Woda, owoce oraz zimne przek\u0105ski b\u0119d\u0105 dost\u0119pne ca\u0142y czas dla uczestnik\u00f3w szkolenia. W trakcie imprezy czynny<br \/>\nb\u0119dzie bufet, gdzie b\u0119dziesz m\u00f3g\u0142 naby\u0107 smaczny i niedrogi posi\u0142ek.<\/li>\n<li>Na terenie toru dzia\u0142a\u0142 b\u0119dzie serwis oponiarski. Je\u015bli zajdzie potrzeba wymiany ogumienia, mo\u017cesz zrobi\u0107 to na miejscu<br \/>\ni od r\u0119ki.<\/li>\n<\/ul>\n<p><strong>Widzowie oraz go\u015bcie<\/strong><\/p>\n<ul class=\"redSlashList\">\n<li>Twoja rodzina oraz przyjaciele s\u0105 jak najmilej widziani na terenie toru w czasie zaj\u0119\u0107. Prosimy jedynie, aby nie<br \/>\nprzebywali w klasie w czasie wyk\u0142ad\u00f3w oraz, aby stosowali si\u0119 do zalece\u0144 obs\u0142ugi toru.<\/li>\n<li>Prosimy, aby dzieci w wielu poni\u017cej 16 roku \u017cycia nie przebywa\u0142y w pit lane. Zabieranie ma\u0142ych dzieci na tor wy\u015bcigowy<br \/>\nnie wydaje si\u0119 by\u0107 najlepszym pomys\u0142em.<\/li>\n<\/ul>\n<p><strong>Warunki rezygnacji z wykupionego kursu<\/strong><br \/>\nJe\u015bli z jakiegokolwiek powodu nie b\u0119dziesz w stanie wzi\u0105\u0107 udzia\u0142u w szkoleniu w wykupionym terminie zar\u00f3wno przy zakupie szkolenia poza lokalem w terminie 14 dni polityka zwrot\u00f3w wygl\u0105da nast\u0119puj\u0105co:<\/p>\n<ul class=\"redSlashList\">\n<li>wycofanie uczestnictwa na 42 dni i wi\u0119cej przed imprez\u0105 \u2013 pe\u0142ny zwrot wp\u0142aconych pieni\u0119dzy<\/li>\n<li>wycofanie uczestnictwa kr\u00f3cej ni\u017c na 42 dni przed imprez\u0105 i d\u0142u\u017cej ni\u017c na 28 \u2013 zwrot pieni\u0119dzy minus depozyt (400z\u0142 w<br \/>\nprzypadku jednodniowego szkolenia, 1200z\u0142 w przypadku dwudniowego szkolenia).<\/li>\n<li>wycofanie uczestnictwa na kr\u00f3cej ni\u017c 28 dni przed imprez\u0105 \u2013 bez zwrotu.<\/li>\n<\/ul>\n<p>Prosimy mie\u0107 na uwadze, \u017ce zaj\u0119cia odbywaj\u0105 si\u0119 tak\u017ce wtedy, kiedy pada deszcz. To \u015bwietna okazja, aby poprawi\u0107 swoje<br \/>\numiej\u0119tno\u015bci jazdy po mokrej nawierzchni. Mokra pogoda nie jest powodem do odwo\u0142ania lub przek\u0142adania zaj\u0119\u0107, nie s\u0105 nimi<br \/>\ntak\u017ce zg\u0142aszane w ostatniej chwili wa\u017cne powody zawodowe oraz rodzinne.<\/p>\n<p><strong>Ograniczenie ha\u0142asu<\/strong><\/p>\n<ul class=\"redSlashList\">\n<li>Dopuszczalny poziom emitowanego ha\u0142asu przez Tw\u00f3j motocykl nie mo\u017ce przekracza\u0107 w zale\u017cno\u015bci obiektu gdzie<br \/>\nprowadzimy zaj\u0119cia od 96 (Tor Pozna\u0144) do 105dB (Silesiaring, Slovakiaring, Bikiernieki).<\/li>\n<li>Je\u015bli Tw\u00f3j motocykl b\u0119dzie przekracza\u0142 limit g\u0142o\u015bno\u015bci \u2013 nie b\u0119dziesz m\u00f3g\u0142 wzi\u0105\u0107 udzia\u0142u w szkoleniu, bez zwrotu op\u0142aty i<br \/>\nbez mo\u017cliwo\u015bci zmiany terminu szkolenia.<\/li>\n<\/ul>\n<p><strong>Czekamy na Ciebie!<\/strong><br \/>\nCzekamy na Ciebie z niecierpliwo\u015bci\u0105 w dniu szkolenia. Du\u017co wi\u0119cej na temat szkole\u0144 mo\u017cesz dowiedzie\u0107 si\u0119 na stronie<br \/>\nwww.sbkschool.pl, szczeg\u00f3lnie w FAQ. W razie pyta\u0144 i w\u0105tpliwo\u015bci jeste\u015bmy do Twojej dyspozycji pod numerem telefonu<br \/>\n+48 509 155 792 oraz e-mailem: info@sbkschool.pl.<\/p>\n","protected":false},"excerpt":{"rendered":"<p>Prosimy, zapoznaj si\u0119 z poni\u017cszymi informacjami, aby Tw\u00f3j dzie\u0144 w szkole przebieg\u0142 przyjemnie, a nade wszystko produktywnie! Prosimy, aby\u015b przyby\u0142a\/przyby\u0142 na miejsce imprezy nie p\u00f3\u017aniej ni\u017c o godzinie 7.00. Umo\u017cliwi to nam sprawne przeprowadzenie rejestracji na torze. Po przyje\u017adzie na tor si\u0119 w kierunku depo. Rejestracj\u0119 przeprowadzamy w biurze zawod\u00f3w. W\u0142a\u015bciciel serwisu W\u0142a\u015bcicielem serwisu jest [&hellip;]<\/p>\n","protected":false},"author":1,"featured_media":0,"parent":0,"menu_order":0,"comment_status":"closed","ping_status":"closed","template":"","meta":{"_acf_changed":false,"footnotes":""},"class_list":["post-578","page","type-page","status-publish","hentry"],"acf":[],"yoast_head":"<!-- This site is optimized with the Yoast SEO plugin v27.5 - https:\/\/yoast.com\/product\/yoast-seo-wordpress\/ -->\n<title>Terms and conditions - California Superbike School<\/title>\n<meta name=\"robots\" content=\"index, follow, max-snippet:-1, max-image-preview:large, max-video-preview:-1\" \/>\n<link rel=\"canonical\" href=\"https:\/\/superbikeschool.pl\/en\/terms-and-conditions\/\" \/>\n<meta property=\"og:locale\" content=\"en_US\" \/>\n<meta property=\"og:type\" content=\"article\" \/>\n<meta property=\"og:title\" content=\"Terms and conditions - California Superbike School\" \/>\n<meta property=\"og:description\" content=\"Prosimy, zapoznaj si\u0119 z poni\u017cszymi informacjami, aby Tw\u00f3j dzie\u0144 w szkole przebieg\u0142 przyjemnie, a nade wszystko produktywnie! Prosimy, aby\u015b przyby\u0142a\/przyby\u0142 na miejsce imprezy nie p\u00f3\u017aniej ni\u017c o godzinie 7.00. Umo\u017cliwi to nam sprawne przeprowadzenie rejestracji na torze. Po przyje\u017adzie na tor si\u0119 w kierunku depo. Rejestracj\u0119 przeprowadzamy w biurze zawod\u00f3w. W\u0142a\u015bciciel serwisu W\u0142a\u015bcicielem serwisu jest [&hellip;]\" \/>\n<meta property=\"og:url\" content=\"https:\/\/superbikeschool.pl\/en\/terms-and-conditions\/\" \/>\n<meta property=\"og:site_name\" content=\"California Superbike School\" \/>\n<meta property=\"article:modified_time\" content=\"2018-03-13T08:16:59+00:00\" \/>\n<meta name=\"twitter:card\" content=\"summary_large_image\" \/>\n<meta name=\"twitter:label1\" content=\"Est. reading time\" \/>\n\t<meta name=\"twitter:data1\" content=\"5 minutes\" \/>\n<script type=\"application\/ld+json\" class=\"yoast-schema-graph\">{\"@context\":\"https:\\\/\\\/schema.org\",\"@graph\":[{\"@type\":\"WebPage\",\"@id\":\"https:\\\/\\\/superbikeschool.pl\\\/en\\\/terms-and-conditions\\\/\",\"url\":\"https:\\\/\\\/superbikeschool.pl\\\/en\\\/terms-and-conditions\\\/\",\"name\":\"Terms and conditions - California Superbike School\",\"isPartOf\":{\"@id\":\"https:\\\/\\\/superbikeschool.pl\\\/en\\\/#website\"},\"datePublished\":\"2018-01-16T11:32:16+00:00\",\"dateModified\":\"2018-03-13T08:16:59+00:00\",\"breadcrumb\":{\"@id\":\"https:\\\/\\\/superbikeschool.pl\\\/en\\\/terms-and-conditions\\\/#breadcrumb\"},\"inLanguage\":\"en-US\",\"potentialAction\":[{\"@type\":\"ReadAction\",\"target\":[\"https:\\\/\\\/superbikeschool.pl\\\/en\\\/terms-and-conditions\\\/\"]}]},{\"@type\":\"BreadcrumbList\",\"@id\":\"https:\\\/\\\/superbikeschool.pl\\\/en\\\/terms-and-conditions\\\/#breadcrumb\",\"itemListElement\":[{\"@type\":\"ListItem\",\"position\":1,\"name\":\"Strona g\u0142\u00f3wna\",\"item\":\"https:\\\/\\\/superbikeschool.pl\\\/en\\\/\"},{\"@type\":\"ListItem\",\"position\":2,\"name\":\"Terms and conditions\"}]},{\"@type\":\"WebSite\",\"@id\":\"https:\\\/\\\/superbikeschool.pl\\\/en\\\/#website\",\"url\":\"https:\\\/\\\/superbikeschool.pl\\\/en\\\/\",\"name\":\"California Superbike School\",\"description\":\"Szko\u0142a motocyklowa numer 1 na \u015bwiecie!\",\"publisher\":{\"@id\":\"https:\\\/\\\/superbikeschool.pl\\\/en\\\/#organization\"},\"potentialAction\":[{\"@type\":\"SearchAction\",\"target\":{\"@type\":\"EntryPoint\",\"urlTemplate\":\"https:\\\/\\\/superbikeschool.pl\\\/en\\\/?s={search_term_string}\"},\"query-input\":{\"@type\":\"PropertyValueSpecification\",\"valueRequired\":true,\"valueName\":\"search_term_string\"}}],\"inLanguage\":\"en-US\"},{\"@type\":\"Organization\",\"@id\":\"https:\\\/\\\/superbikeschool.pl\\\/en\\\/#organization\",\"name\":\"California Superbike School\",\"url\":\"https:\\\/\\\/superbikeschool.pl\\\/en\\\/\",\"logo\":{\"@type\":\"ImageObject\",\"inLanguage\":\"en-US\",\"@id\":\"https:\\\/\\\/superbikeschool.pl\\\/en\\\/#\\\/schema\\\/logo\\\/image\\\/\",\"url\":\"https:\\\/\\\/superbikeschool.pl\\\/wp-content\\\/uploads\\\/2019\\\/02\\\/DSC7654.jpg\",\"contentUrl\":\"https:\\\/\\\/superbikeschool.pl\\\/wp-content\\\/uploads\\\/2019\\\/02\\\/DSC7654.jpg\",\"width\":2464,\"height\":1632,\"caption\":\"California Superbike School\"},\"image\":{\"@id\":\"https:\\\/\\\/superbikeschool.pl\\\/en\\\/#\\\/schema\\\/logo\\\/image\\\/\"}}]}<\/script>\n<!-- \/ Yoast SEO plugin. -->","yoast_head_json":{"title":"Terms and conditions - California Superbike School","robots":{"index":"index","follow":"follow","max-snippet":"max-snippet:-1","max-image-preview":"max-image-preview:large","max-video-preview":"max-video-preview:-1"},"canonical":"https:\/\/superbikeschool.pl\/en\/terms-and-conditions\/","og_locale":"en_US","og_type":"article","og_title":"Terms and conditions - California Superbike School","og_description":"Prosimy, zapoznaj si\u0119 z poni\u017cszymi informacjami, aby Tw\u00f3j dzie\u0144 w szkole przebieg\u0142 przyjemnie, a nade wszystko produktywnie! Prosimy, aby\u015b przyby\u0142a\/przyby\u0142 na miejsce imprezy nie p\u00f3\u017aniej ni\u017c o godzinie 7.00. Umo\u017cliwi to nam sprawne przeprowadzenie rejestracji na torze. Po przyje\u017adzie na tor si\u0119 w kierunku depo. Rejestracj\u0119 przeprowadzamy w biurze zawod\u00f3w. W\u0142a\u015bciciel serwisu W\u0142a\u015bcicielem serwisu jest [&hellip;]","og_url":"https:\/\/superbikeschool.pl\/en\/terms-and-conditions\/","og_site_name":"California Superbike School","article_modified_time":"2018-03-13T08:16:59+00:00","twitter_card":"summary_large_image","twitter_misc":{"Est. reading time":"5 minutes"},"schema":{"@context":"https:\/\/schema.org","@graph":[{"@type":"WebPage","@id":"https:\/\/superbikeschool.pl\/en\/terms-and-conditions\/","url":"https:\/\/superbikeschool.pl\/en\/terms-and-conditions\/","name":"Terms and conditions - California Superbike School","isPartOf":{"@id":"https:\/\/superbikeschool.pl\/en\/#website"},"datePublished":"2018-01-16T11:32:16+00:00","dateModified":"2018-03-13T08:16:59+00:00","breadcrumb":{"@id":"https:\/\/superbikeschool.pl\/en\/terms-and-conditions\/#breadcrumb"},"inLanguage":"en-US","potentialAction":[{"@type":"ReadAction","target":["https:\/\/superbikeschool.pl\/en\/terms-and-conditions\/"]}]},{"@type":"BreadcrumbList","@id":"https:\/\/superbikeschool.pl\/en\/terms-and-conditions\/#breadcrumb","itemListElement":[{"@type":"ListItem","position":1,"name":"Strona g\u0142\u00f3wna","item":"https:\/\/superbikeschool.pl\/en\/"},{"@type":"ListItem","position":2,"name":"Terms and conditions"}]},{"@type":"WebSite","@id":"https:\/\/superbikeschool.pl\/en\/#website","url":"https:\/\/superbikeschool.pl\/en\/","name":"California Superbike School","description":"Szko\u0142a motocyklowa numer 1 na \u015bwiecie!","publisher":{"@id":"https:\/\/superbikeschool.pl\/en\/#organization"},"potentialAction":[{"@type":"SearchAction","target":{"@type":"EntryPoint","urlTemplate":"https:\/\/superbikeschool.pl\/en\/?s={search_term_string}"},"query-input":{"@type":"PropertyValueSpecification","valueRequired":true,"valueName":"search_term_string"}}],"inLanguage":"en-US"},{"@type":"Organization","@id":"https:\/\/superbikeschool.pl\/en\/#organization","name":"California Superbike School","url":"https:\/\/superbikeschool.pl\/en\/","logo":{"@type":"ImageObject","inLanguage":"en-US","@id":"https:\/\/superbikeschool.pl\/en\/#\/schema\/logo\/image\/","url":"https:\/\/superbikeschool.pl\/wp-content\/uploads\/2019\/02\/DSC7654.jpg","contentUrl":"https:\/\/superbikeschool.pl\/wp-content\/uploads\/2019\/02\/DSC7654.jpg","width":2464,"height":1632,"caption":"California Superbike School"},"image":{"@id":"https:\/\/superbikeschool.pl\/en\/#\/schema\/logo\/image\/"}}]}},"_links":{"self":[{"href":"https:\/\/superbikeschool.pl\/en\/wp-json\/wp\/v2\/pages\/578","targetHints":{"allow":["GET"]}}],"collection":[{"href":"https:\/\/superbikeschool.pl\/en\/wp-json\/wp\/v2\/pages"}],"about":[{"href":"https:\/\/superbikeschool.pl\/en\/wp-json\/wp\/v2\/types\/page"}],"author":[{"embeddable":true,"href":"https:\/\/superbikeschool.pl\/en\/wp-json\/wp\/v2\/users\/1"}],"replies":[{"embeddable":true,"href":"https:\/\/superbikeschool.pl\/en\/wp-json\/wp\/v2\/comments?post=578"}],"version-history":[{"count":0,"href":"https:\/\/superbikeschool.pl\/en\/wp-json\/wp\/v2\/pages\/578\/revisions"}],"wp:attachment":[{"href":"https:\/\/superbikeschool.pl\/en\/wp-json\/wp\/v2\/media?parent=578"}],"curies":[{"name":"wp","href":"https:\/\/api.w.org\/{rel}","templated":true}]}}