{"id":159740,"date":"2026-03-17T14:06:56","date_gmt":"2026-03-17T13:06:56","guid":{"rendered":"https:\/\/superbikeschool.pl\/?post_type=product&#038;p=159740"},"modified":"2026-03-17T14:07:35","modified_gmt":"2026-03-17T13:07:35","slug":"15-august-silesia-ring","status":"publish","type":"product","link":"https:\/\/superbikeschool.pl\/en\/produkt\/15-august-silesia-ring\/","title":{"rendered":"15 August &#8211; Silesia Ring"},"content":{"rendered":"<div class=\"container marginBottom\">\n<h2><span style=\"font-weight: 400;\">Why choose CSS training?\u00a0<\/span><\/h2>\n<p><span style=\"font-weight: 400;\">We don\u2019t just spot mistakes &#8211; any professional can do that. We provide proven methods and solutions for every single one of them. We also explain <\/span><i><span style=\"font-weight: 400;\">why<\/span><\/i><span style=\"font-weight: 400;\"> mastering these elements is critical for both your safety and your speed. Imagine your riding after Level I: correct speed, flawless throttle control, precise turn-in points, the elimination of mid-corner corrections, total relaxation, and professional consistency.<\/span><\/p>\n<h2><span style=\"font-weight: 400;\">The results we prepare you for\u00a0<\/span><\/h2>\n<p><span style=\"font-weight: 400;\">While perfection takes time, immediately upon completing Level 1:<\/span><\/p>\n<ul>\n<li style=\"font-weight: 400;\" aria-level=\"1\"><span style=\"font-weight: 400;\">You will understand what you were doing wrong \u2013 you&#8217;ll recognize your previous mistakes.<\/span><\/li>\n<li style=\"font-weight: 400;\" aria-level=\"1\"><span style=\"font-weight: 400;\">You will know how to perform a maneuver correctly \u2013 you\u2019ll receive a ready-to-use manual for action.<\/span><\/li>\n<li style=\"font-weight: 400;\" aria-level=\"1\"><span style=\"font-weight: 400;\">You will know the goal of your future conscious practice.\u00a0<\/span><\/li>\n<\/ul>\n<p><span style=\"font-weight: 400;\">Each of the six key points is fully explained in the classroom, practiced on the track, and discussed with your coach. You receive knowledge, practical tools, and individual feedback!<\/span><\/p>\n<\/div>\n","protected":false},"excerpt":{"rendered":"<p><span style=\"font-weight: 400;\">In the 2026 season at Silesia Ring, you will discover how your actions directly affect your motorcycle&#8217;s behavior. After this training, you will stop fighting your bike and start working with it, and cornering techniques will no longer be a mystery.<\/span><\/p>\n<p><span style=\"font-weight: 400;\">Choose your level from I to IV and gain total control over your riding style.<\/span><\/p>\n","protected":false},"featured_media":129278,"comment_status":"open","ping_status":"closed","template":"","meta":{"_acf_changed":false},"product_brand":[],"product_cat":[26],"product_tag":[],"class_list":{"0":"post-159740","1":"product","2":"type-product","3":"status-publish","4":"has-post-thumbnail","6":"product_cat-august-2026-silesia-ring","8":"first","9":"instock","10":"sold-individually","11":"taxable","12":"shipping-taxable","13":"purchasable","14":"product-type-variable"},"acf":[],"yoast_head":"<!-- This site is optimized with the Yoast SEO plugin v27.3 - https:\/\/yoast.com\/product\/yoast-seo-wordpress\/ -->\n<title>15 August - Silesia Ring - California Superbike School<\/title>\n<meta name=\"description\" content=\"Tw\u00f3j w\u0142asny, przygotowany specjalnie dla Ciebie program treningu \u2013 to sedno Poziomu IV, kt\u00f3ry ma zadanie uczyni\u0107 Twoj\u0105 jazd\u0119 szybsz\u0105 i pewniejsz\u0105.\" \/>\n<meta name=\"robots\" content=\"index, follow, max-snippet:-1, max-image-preview:large, max-video-preview:-1\" \/>\n<link rel=\"canonical\" href=\"https:\/\/superbikeschool.pl\/en\/produkt\/15-august-silesia-ring\/\" \/>\n<meta property=\"og:locale\" content=\"en_US\" \/>\n<meta property=\"og:type\" content=\"article\" \/>\n<meta property=\"og:title\" content=\"15 August - Silesia Ring - California Superbike School\" \/>\n<meta property=\"og:description\" content=\"Tw\u00f3j w\u0142asny, przygotowany specjalnie dla Ciebie program treningu \u2013 to sedno Poziomu IV, kt\u00f3ry ma zadanie uczyni\u0107 Twoj\u0105 jazd\u0119 szybsz\u0105 i pewniejsz\u0105.\" \/>\n<meta property=\"og:url\" content=\"https:\/\/superbikeschool.pl\/en\/produkt\/15-august-silesia-ring\/\" \/>\n<meta property=\"og:site_name\" content=\"California Superbike School\" \/>\n<meta property=\"article:modified_time\" content=\"2026-03-17T13:07:35+00:00\" \/>\n<meta property=\"og:image\" content=\"https:\/\/superbikeschool.pl\/wp-content\/uploads\/2024\/12\/430056565_808835724611339_8559872928780513544_n.jpg\" \/>\n\t<meta property=\"og:image:width\" content=\"1966\" \/>\n\t<meta property=\"og:image:height\" content=\"1311\" \/>\n\t<meta property=\"og:image:type\" content=\"image\/jpeg\" \/>\n<meta name=\"twitter:card\" content=\"summary_large_image\" \/>\n<meta name=\"twitter:label1\" content=\"Est. reading time\" \/>\n\t<meta name=\"twitter:data1\" content=\"2 minutes\" \/>\n<script type=\"application\/ld+json\" class=\"yoast-schema-graph\">{\"@context\":\"https:\\\/\\\/schema.org\",\"@graph\":[{\"@type\":\"WebPage\",\"@id\":\"https:\\\/\\\/superbikeschool.pl\\\/en\\\/produkt\\\/15-august-silesia-ring\\\/\",\"url\":\"https:\\\/\\\/superbikeschool.pl\\\/en\\\/produkt\\\/15-august-silesia-ring\\\/\",\"name\":\"15 August - Silesia Ring - California Superbike School\",\"isPartOf\":{\"@id\":\"https:\\\/\\\/superbikeschool.pl\\\/en\\\/#website\"},\"primaryImageOfPage\":{\"@id\":\"https:\\\/\\\/superbikeschool.pl\\\/en\\\/produkt\\\/15-august-silesia-ring\\\/#primaryimage\"},\"image\":{\"@id\":\"https:\\\/\\\/superbikeschool.pl\\\/en\\\/produkt\\\/15-august-silesia-ring\\\/#primaryimage\"},\"thumbnailUrl\":\"https:\\\/\\\/superbikeschool.pl\\\/wp-content\\\/uploads\\\/2024\\\/12\\\/430056565_808835724611339_8559872928780513544_n.jpg\",\"datePublished\":\"2026-03-17T13:06:56+00:00\",\"dateModified\":\"2026-03-17T13:07:35+00:00\",\"description\":\"Tw\u00f3j w\u0142asny, przygotowany specjalnie dla Ciebie program treningu \u2013 to sedno Poziomu IV, kt\u00f3ry ma zadanie uczyni\u0107 Twoj\u0105 jazd\u0119 szybsz\u0105 i pewniejsz\u0105.\",\"breadcrumb\":{\"@id\":\"https:\\\/\\\/superbikeschool.pl\\\/en\\\/produkt\\\/15-august-silesia-ring\\\/#breadcrumb\"},\"inLanguage\":\"en-US\",\"potentialAction\":[{\"@type\":\"ReadAction\",\"target\":[\"https:\\\/\\\/superbikeschool.pl\\\/en\\\/produkt\\\/15-august-silesia-ring\\\/\"]}]},{\"@type\":\"ImageObject\",\"inLanguage\":\"en-US\",\"@id\":\"https:\\\/\\\/superbikeschool.pl\\\/en\\\/produkt\\\/15-august-silesia-ring\\\/#primaryimage\",\"url\":\"https:\\\/\\\/superbikeschool.pl\\\/wp-content\\\/uploads\\\/2024\\\/12\\\/430056565_808835724611339_8559872928780513544_n.jpg\",\"contentUrl\":\"https:\\\/\\\/superbikeschool.pl\\\/wp-content\\\/uploads\\\/2024\\\/12\\\/430056565_808835724611339_8559872928780513544_n.jpg\",\"width\":1966,\"height\":1311},{\"@type\":\"BreadcrumbList\",\"@id\":\"https:\\\/\\\/superbikeschool.pl\\\/en\\\/produkt\\\/15-august-silesia-ring\\\/#breadcrumb\",\"itemListElement\":[{\"@type\":\"ListItem\",\"position\":1,\"name\":\"Strona g\u0142\u00f3wna\",\"item\":\"https:\\\/\\\/superbikeschool.pl\\\/en\\\/\"},{\"@type\":\"ListItem\",\"position\":2,\"name\":\"Calendar and Booking\",\"item\":\"https:\\\/\\\/superbikeschool.pl\\\/en\\\/calendar-and-booking\\\/\"},{\"@type\":\"ListItem\",\"position\":3,\"name\":\"15 August &#8211; Silesia Ring\"}]},{\"@type\":\"WebSite\",\"@id\":\"https:\\\/\\\/superbikeschool.pl\\\/en\\\/#website\",\"url\":\"https:\\\/\\\/superbikeschool.pl\\\/en\\\/\",\"name\":\"California Superbike School\",\"description\":\"Szko\u0142a motocyklowa numer 1 na \u015bwiecie!\",\"publisher\":{\"@id\":\"https:\\\/\\\/superbikeschool.pl\\\/en\\\/#organization\"},\"potentialAction\":[{\"@type\":\"SearchAction\",\"target\":{\"@type\":\"EntryPoint\",\"urlTemplate\":\"https:\\\/\\\/superbikeschool.pl\\\/en\\\/?s={search_term_string}\"},\"query-input\":{\"@type\":\"PropertyValueSpecification\",\"valueRequired\":true,\"valueName\":\"search_term_string\"}}],\"inLanguage\":\"en-US\"},{\"@type\":\"Organization\",\"@id\":\"https:\\\/\\\/superbikeschool.pl\\\/en\\\/#organization\",\"name\":\"California Superbike School\",\"url\":\"https:\\\/\\\/superbikeschool.pl\\\/en\\\/\",\"logo\":{\"@type\":\"ImageObject\",\"inLanguage\":\"en-US\",\"@id\":\"https:\\\/\\\/superbikeschool.pl\\\/en\\\/#\\\/schema\\\/logo\\\/image\\\/\",\"url\":\"https:\\\/\\\/superbikeschool.pl\\\/wp-content\\\/uploads\\\/2019\\\/02\\\/DSC7654.jpg\",\"contentUrl\":\"https:\\\/\\\/superbikeschool.pl\\\/wp-content\\\/uploads\\\/2019\\\/02\\\/DSC7654.jpg\",\"width\":2464,\"height\":1632,\"caption\":\"California Superbike School\"},\"image\":{\"@id\":\"https:\\\/\\\/superbikeschool.pl\\\/en\\\/#\\\/schema\\\/logo\\\/image\\\/\"}}]}<\/script>\n<!-- \/ Yoast SEO plugin. -->","yoast_head_json":{"title":"15 August - Silesia Ring - California Superbike School","description":"Tw\u00f3j w\u0142asny, przygotowany specjalnie dla Ciebie program treningu \u2013 to sedno Poziomu IV, kt\u00f3ry ma zadanie uczyni\u0107 Twoj\u0105 jazd\u0119 szybsz\u0105 i pewniejsz\u0105.","robots":{"index":"index","follow":"follow","max-snippet":"max-snippet:-1","max-image-preview":"max-image-preview:large","max-video-preview":"max-video-preview:-1"},"canonical":"https:\/\/superbikeschool.pl\/en\/produkt\/15-august-silesia-ring\/","og_locale":"en_US","og_type":"article","og_title":"15 August - Silesia Ring - California Superbike School","og_description":"Tw\u00f3j w\u0142asny, przygotowany specjalnie dla Ciebie program treningu \u2013 to sedno Poziomu IV, kt\u00f3ry ma zadanie uczyni\u0107 Twoj\u0105 jazd\u0119 szybsz\u0105 i pewniejsz\u0105.","og_url":"https:\/\/superbikeschool.pl\/en\/produkt\/15-august-silesia-ring\/","og_site_name":"California Superbike School","article_modified_time":"2026-03-17T13:07:35+00:00","og_image":[{"width":1966,"height":1311,"url":"https:\/\/superbikeschool.pl\/wp-content\/uploads\/2024\/12\/430056565_808835724611339_8559872928780513544_n.jpg","type":"image\/jpeg"}],"twitter_card":"summary_large_image","twitter_misc":{"Est. reading time":"2 minutes"},"schema":{"@context":"https:\/\/schema.org","@graph":[{"@type":"WebPage","@id":"https:\/\/superbikeschool.pl\/en\/produkt\/15-august-silesia-ring\/","url":"https:\/\/superbikeschool.pl\/en\/produkt\/15-august-silesia-ring\/","name":"15 August - Silesia Ring - California Superbike School","isPartOf":{"@id":"https:\/\/superbikeschool.pl\/en\/#website"},"primaryImageOfPage":{"@id":"https:\/\/superbikeschool.pl\/en\/produkt\/15-august-silesia-ring\/#primaryimage"},"image":{"@id":"https:\/\/superbikeschool.pl\/en\/produkt\/15-august-silesia-ring\/#primaryimage"},"thumbnailUrl":"https:\/\/superbikeschool.pl\/wp-content\/uploads\/2024\/12\/430056565_808835724611339_8559872928780513544_n.jpg","datePublished":"2026-03-17T13:06:56+00:00","dateModified":"2026-03-17T13:07:35+00:00","description":"Tw\u00f3j w\u0142asny, przygotowany specjalnie dla Ciebie program treningu \u2013 to sedno Poziomu IV, kt\u00f3ry ma zadanie uczyni\u0107 Twoj\u0105 jazd\u0119 szybsz\u0105 i pewniejsz\u0105.","breadcrumb":{"@id":"https:\/\/superbikeschool.pl\/en\/produkt\/15-august-silesia-ring\/#breadcrumb"},"inLanguage":"en-US","potentialAction":[{"@type":"ReadAction","target":["https:\/\/superbikeschool.pl\/en\/produkt\/15-august-silesia-ring\/"]}]},{"@type":"ImageObject","inLanguage":"en-US","@id":"https:\/\/superbikeschool.pl\/en\/produkt\/15-august-silesia-ring\/#primaryimage","url":"https:\/\/superbikeschool.pl\/wp-content\/uploads\/2024\/12\/430056565_808835724611339_8559872928780513544_n.jpg","contentUrl":"https:\/\/superbikeschool.pl\/wp-content\/uploads\/2024\/12\/430056565_808835724611339_8559872928780513544_n.jpg","width":1966,"height":1311},{"@type":"BreadcrumbList","@id":"https:\/\/superbikeschool.pl\/en\/produkt\/15-august-silesia-ring\/#breadcrumb","itemListElement":[{"@type":"ListItem","position":1,"name":"Strona g\u0142\u00f3wna","item":"https:\/\/superbikeschool.pl\/en\/"},{"@type":"ListItem","position":2,"name":"Calendar and Booking","item":"https:\/\/superbikeschool.pl\/en\/calendar-and-booking\/"},{"@type":"ListItem","position":3,"name":"15 August &#8211; Silesia Ring"}]},{"@type":"WebSite","@id":"https:\/\/superbikeschool.pl\/en\/#website","url":"https:\/\/superbikeschool.pl\/en\/","name":"California Superbike School","description":"Szko\u0142a motocyklowa numer 1 na \u015bwiecie!","publisher":{"@id":"https:\/\/superbikeschool.pl\/en\/#organization"},"potentialAction":[{"@type":"SearchAction","target":{"@type":"EntryPoint","urlTemplate":"https:\/\/superbikeschool.pl\/en\/?s={search_term_string}"},"query-input":{"@type":"PropertyValueSpecification","valueRequired":true,"valueName":"search_term_string"}}],"inLanguage":"en-US"},{"@type":"Organization","@id":"https:\/\/superbikeschool.pl\/en\/#organization","name":"California Superbike School","url":"https:\/\/superbikeschool.pl\/en\/","logo":{"@type":"ImageObject","inLanguage":"en-US","@id":"https:\/\/superbikeschool.pl\/en\/#\/schema\/logo\/image\/","url":"https:\/\/superbikeschool.pl\/wp-content\/uploads\/2019\/02\/DSC7654.jpg","contentUrl":"https:\/\/superbikeschool.pl\/wp-content\/uploads\/2019\/02\/DSC7654.jpg","width":2464,"height":1632,"caption":"California Superbike School"},"image":{"@id":"https:\/\/superbikeschool.pl\/en\/#\/schema\/logo\/image\/"}}]}},"_links":{"self":[{"href":"https:\/\/superbikeschool.pl\/en\/wp-json\/wp\/v2\/product\/159740","targetHints":{"allow":["GET"]}}],"collection":[{"href":"https:\/\/superbikeschool.pl\/en\/wp-json\/wp\/v2\/product"}],"about":[{"href":"https:\/\/superbikeschool.pl\/en\/wp-json\/wp\/v2\/types\/product"}],"replies":[{"embeddable":true,"href":"https:\/\/superbikeschool.pl\/en\/wp-json\/wp\/v2\/comments?post=159740"}],"wp:featuredmedia":[{"embeddable":true,"href":"https:\/\/superbikeschool.pl\/en\/wp-json\/wp\/v2\/media\/129278"}],"wp:attachment":[{"href":"https:\/\/superbikeschool.pl\/en\/wp-json\/wp\/v2\/media?parent=159740"}],"wp:term":[{"taxonomy":"product_brand","embeddable":true,"href":"https:\/\/superbikeschool.pl\/en\/wp-json\/wp\/v2\/product_brand?post=159740"},{"taxonomy":"product_cat","embeddable":true,"href":"https:\/\/superbikeschool.pl\/en\/wp-json\/wp\/v2\/product_cat?post=159740"},{"taxonomy":"product_tag","embeddable":true,"href":"https:\/\/superbikeschool.pl\/en\/wp-json\/wp\/v2\/product_tag?post=159740"}],"curies":[{"name":"wp","href":"https:\/\/api.w.org\/{rel}","templated":true}]}}